{"id":1095,"date":"2019-05-24T00:04:25","date_gmt":"2019-05-23T22:04:25","guid":{"rendered":"http:\/\/www.lasselsberger.at\/?page_id=1095"},"modified":"2019-11-13T23:25:42","modified_gmt":"2019-11-13T22:25:42","slug":"baurestmassen-recycling-abnahme750t","status":"publish","type":"page","link":"https:\/\/lasselsberger.at\/lbrecycling\/baurestmassen-recycling-abnahme750t\/","title":{"rendered":"Abnahmemengen \u00fcber 750t"},"content":{"rendered":"<p><div class=\"fusion-fullwidth fullwidth-box fusion-builder-row-1 nonhundred-percent-fullwidth non-hundred-percent-height-scrolling\" style=\"--awb-border-radius-top-left:0px;--awb-border-radius-top-right:0px;--awb-border-radius-bottom-right:0px;--awb-border-radius-bottom-left:0px;--awb-flex-wrap:wrap;\" ><div class=\"fusion-builder-row fusion-row\"><div class=\"fusion-layout-column fusion_builder_column fusion-builder-column-0 fusion_builder_column_1_1 1_1 fusion-one-full fusion-column-first fusion-column-last mobile_border\" style=\"--awb-bg-size:cover;\"><div class=\"fusion-column-wrapper fusion-column-has-shadow fusion-flex-column-wrapper-legacy\"><div class=\"fusion-title title fusion-title-1 fusion-sep-none fusion-title-text fusion-title-size-two\" style=\"--awb-margin-top-small:0px;--awb-margin-right-small:0px;--awb-margin-bottom-small:0px;--awb-margin-left-small:0px;\"><h2 class=\"fusion-title-heading title-heading-left\" style=\"margin:0;\">\u00dcber 750 to und unter 3500 m3 umbauter Raum<\/h2><\/div><div class=\"fusion-text fusion-text-1\"><p>F\u00fcr Abnahmemengen \u00fcber 750t f\u00fcllen Sie bitte alle hier angef\u00fchrten Dokumente vorab aus und \u00fcbermitteln Sie uns diese. Nur so k\u00f6nnen wir eine ordentliche \u00dcbernahme gew\u00e4hrleisten und unseren rechtlichen Anforderungen nachkommen.<\/p>\n<\/div><div class=\"fusion-clearfix\"><\/div><\/div><\/div><\/div><\/div><div class=\"fusion-fullwidth fullwidth-box fusion-builder-row-2 nonhundred-percent-fullwidth non-hundred-percent-height-scrolling\" style=\"--awb-border-radius-top-left:0px;--awb-border-radius-top-right:0px;--awb-border-radius-bottom-right:0px;--awb-border-radius-bottom-left:0px;--awb-margin-top:50px;--awb-flex-wrap:wrap;\" ><div class=\"fusion-builder-row fusion-row\"><div class=\"fusion-layout-column fusion_builder_column fusion-builder-column-1 fusion_builder_column_1_4 1_4 fusion-one-fourth fusion-column-first mobile_border\" style=\"--awb-bg-size:cover;width:25%;width:calc(25% - ( ( 4% + 4% + 4% ) * 0.25 ) );margin-right: 4%;\"><div class=\"fusion-column-wrapper fusion-column-has-shadow fusion-flex-column-wrapper-legacy\"><div class=\"fusion-image-element fusion-image-align-center in-legacy-container\" style=\"text-align:center;--awb-max-width:100px;--awb-caption-title-font-family:var(--h2_typography-font-family);--awb-caption-title-font-weight:var(--h2_typography-font-weight);--awb-caption-title-font-style:var(--h2_typography-font-style);--awb-caption-title-size:var(--h2_typography-font-size);--awb-caption-title-transform:var(--h2_typography-text-transform);--awb-caption-title-line-height:var(--h2_typography-line-height);--awb-caption-title-letter-spacing:var(--h2_typography-letter-spacing);\"><div class=\"imageframe-align-center\"><span class=\" fusion-imageframe imageframe-none imageframe-1 hover-type-none\"><a class=\"fusion-no-lightbox\" href=\"https:\/\/lasselsberger.at\/lbrecycling\/wp-content\/uploads\/sites\/3\/2019\/10\/Objektbeschreibung_u\u0308ber-750-to.pdf\" target=\"_blank\" aria-label=\"PDF_blau\" rel=\"noopener noreferrer\"><img decoding=\"async\" width=\"236\" height=\"262\" src=\"https:\/\/lasselsberger.at\/lbrecycling\/wp-content\/uploads\/sites\/3\/2019\/07\/PDF_blau2x.png\" alt class=\"img-responsive wp-image-1341\" srcset=\"https:\/\/lasselsberger.at\/lbrecycling\/wp-content\/uploads\/sites\/3\/2019\/07\/PDF_blau2x-200x222.png 200w, https:\/\/lasselsberger.at\/lbrecycling\/wp-content\/uploads\/sites\/3\/2019\/07\/PDF_blau2x.png 236w\" sizes=\"(max-width: 800px) 100vw, 236px\" \/><\/a><\/span><\/div><\/div><div class=\"fusion-title title fusion-title-2 fusion-sep-none fusion-title-center fusion-title-text fusion-title-size-three imagedescription\" style=\"--awb-margin-top-small:0px;--awb-margin-right-small:0px;--awb-margin-bottom-small:0px;--awb-margin-left-small:0px;\"><h3 class=\"fusion-title-heading title-heading-center\" style=\"margin:0;\">Objektbeschreibung<\/h3><\/div><div class=\"fusion-clearfix\"><\/div><\/div><\/div><div class=\"fusion-layout-column fusion_builder_column fusion-builder-column-2 fusion_builder_column_1_4 1_4 fusion-one-fourth mobile_border\" style=\"--awb-bg-size:cover;width:25%;width:calc(25% - ( ( 4% + 4% + 4% ) * 0.25 ) );margin-right: 4%;\"><div class=\"fusion-column-wrapper fusion-column-has-shadow fusion-flex-column-wrapper-legacy\"><div class=\"fusion-image-element fusion-image-align-center in-legacy-container\" style=\"text-align:center;--awb-max-width:100px;--awb-caption-title-font-family:var(--h2_typography-font-family);--awb-caption-title-font-weight:var(--h2_typography-font-weight);--awb-caption-title-font-style:var(--h2_typography-font-style);--awb-caption-title-size:var(--h2_typography-font-size);--awb-caption-title-transform:var(--h2_typography-text-transform);--awb-caption-title-line-height:var(--h2_typography-line-height);--awb-caption-title-letter-spacing:var(--h2_typography-letter-spacing);\"><div class=\"imageframe-align-center\"><span class=\" fusion-imageframe imageframe-none imageframe-2 hover-type-none\"><a class=\"fusion-no-lightbox\" href=\"https:\/\/lasselsberger.at\/lbrecycling\/wp-content\/uploads\/sites\/3\/2019\/10\/LB-B3151_Orientierende-Schad-und-Stoerstofferkundung.pdf\" target=\"_blank\" aria-label=\"PDF_blau\" rel=\"noopener noreferrer\"><img decoding=\"async\" width=\"236\" height=\"262\" src=\"https:\/\/lasselsberger.at\/lbrecycling\/wp-content\/uploads\/sites\/3\/2019\/07\/PDF_blau2x.png\" alt class=\"img-responsive wp-image-1341\" srcset=\"https:\/\/lasselsberger.at\/lbrecycling\/wp-content\/uploads\/sites\/3\/2019\/07\/PDF_blau2x-200x222.png 200w, https:\/\/lasselsberger.at\/lbrecycling\/wp-content\/uploads\/sites\/3\/2019\/07\/PDF_blau2x.png 236w\" sizes=\"(max-width: 800px) 100vw, 236px\" \/><\/a><\/span><\/div><\/div><div class=\"fusion-title title fusion-title-3 fusion-sep-none fusion-title-center fusion-title-text fusion-title-size-three imagedescription\" style=\"--awb-margin-top-small:0px;--awb-margin-right-small:0px;--awb-margin-bottom-small:0px;--awb-margin-left-small:0px;\"><h3 class=\"fusion-title-heading title-heading-center\" style=\"margin:0;\">Orientierte Schad- und St\u00f6rstofferkundung<\/h3><\/div><div class=\"fusion-clearfix\"><\/div><\/div><\/div><div class=\"fusion-layout-column fusion_builder_column fusion-builder-column-3 fusion_builder_column_1_4 1_4 fusion-one-fourth\" style=\"--awb-bg-size:cover;width:25%;width:calc(25% - ( ( 4% + 4% + 4% ) * 0.25 ) );margin-right: 4%;\"><div class=\"fusion-column-wrapper fusion-column-has-shadow fusion-flex-column-wrapper-legacy\"><div class=\"fusion-image-element fusion-image-align-center in-legacy-container\" style=\"text-align:center;--awb-max-width:100px;--awb-caption-title-font-family:var(--h2_typography-font-family);--awb-caption-title-font-weight:var(--h2_typography-font-weight);--awb-caption-title-font-style:var(--h2_typography-font-style);--awb-caption-title-size:var(--h2_typography-font-size);--awb-caption-title-transform:var(--h2_typography-text-transform);--awb-caption-title-line-height:var(--h2_typography-line-height);--awb-caption-title-letter-spacing:var(--h2_typography-letter-spacing);\"><div class=\"imageframe-align-center\"><span class=\" fusion-imageframe imageframe-none imageframe-3 hover-type-none\"><a class=\"fusion-no-lightbox\" href=\"https:\/\/lasselsberger.at\/lbrecycling\/wp-content\/uploads\/sites\/3\/2019\/10\/LB-B3151_Rueckbaukonzept.pdf\" target=\"_blank\" aria-label=\"PDF_blau\" rel=\"noopener noreferrer\"><img decoding=\"async\" width=\"236\" height=\"262\" src=\"https:\/\/lasselsberger.at\/lbrecycling\/wp-content\/uploads\/sites\/3\/2019\/07\/PDF_blau2x.png\" alt class=\"img-responsive wp-image-1341\" srcset=\"https:\/\/lasselsberger.at\/lbrecycling\/wp-content\/uploads\/sites\/3\/2019\/07\/PDF_blau2x-200x222.png 200w, https:\/\/lasselsberger.at\/lbrecycling\/wp-content\/uploads\/sites\/3\/2019\/07\/PDF_blau2x.png 236w\" sizes=\"(max-width: 800px) 100vw, 236px\" \/><\/a><\/span><\/div><\/div><div class=\"fusion-title title fusion-title-4 fusion-sep-none fusion-title-center fusion-title-text fusion-title-size-three imagedescription\" style=\"--awb-margin-top-small:0px;--awb-margin-right-small:0px;--awb-margin-bottom-small:0px;--awb-margin-left-small:0px;\"><h3 class=\"fusion-title-heading title-heading-center\" style=\"margin:0;\">R\u00fcckbaukonzept<\/h3><\/div><div class=\"fusion-clearfix\"><\/div><\/div><\/div><div class=\"fusion-layout-column fusion_builder_column fusion-builder-column-4 fusion_builder_column_1_4 1_4 fusion-one-fourth fusion-column-last mobile_border\" style=\"--awb-bg-size:cover;width:25%;width:calc(25% - ( ( 4% + 4% + 4% ) * 0.25 ) );\"><div class=\"fusion-column-wrapper fusion-column-has-shadow fusion-flex-column-wrapper-legacy\"><div class=\"fusion-image-element fusion-image-align-center in-legacy-container\" style=\"text-align:center;--awb-max-width:100px;--awb-caption-title-font-family:var(--h2_typography-font-family);--awb-caption-title-font-weight:var(--h2_typography-font-weight);--awb-caption-title-font-style:var(--h2_typography-font-style);--awb-caption-title-size:var(--h2_typography-font-size);--awb-caption-title-transform:var(--h2_typography-text-transform);--awb-caption-title-line-height:var(--h2_typography-line-height);--awb-caption-title-letter-spacing:var(--h2_typography-letter-spacing);\"><div class=\"imageframe-align-center\"><span class=\" fusion-imageframe imageframe-none imageframe-4 hover-type-none\"><a class=\"fusion-no-lightbox\" href=\"https:\/\/lasselsberger.at\/lbrecycling\/wp-content\/uploads\/sites\/3\/2019\/10\/LB-B3151_Freigabeprotokoll.pdf\" target=\"_blank\" aria-label=\"PDF_blau\" rel=\"noopener noreferrer\"><img decoding=\"async\" width=\"236\" height=\"262\" src=\"https:\/\/lasselsberger.at\/lbrecycling\/wp-content\/uploads\/sites\/3\/2019\/07\/PDF_blau2x.png\" alt class=\"img-responsive wp-image-1341\" srcset=\"https:\/\/lasselsberger.at\/lbrecycling\/wp-content\/uploads\/sites\/3\/2019\/07\/PDF_blau2x-200x222.png 200w, https:\/\/lasselsberger.at\/lbrecycling\/wp-content\/uploads\/sites\/3\/2019\/07\/PDF_blau2x.png 236w\" sizes=\"(max-width: 800px) 100vw, 236px\" \/><\/a><\/span><\/div><\/div><div class=\"fusion-title title fusion-title-5 fusion-sep-none fusion-title-center fusion-title-text fusion-title-size-three imagedescription\" style=\"--awb-margin-top-small:0px;--awb-margin-right-small:0px;--awb-margin-bottom-small:0px;--awb-margin-left-small:0px;\"><h3 class=\"fusion-title-heading title-heading-center\" style=\"margin:0;\">Freigabebest\u00e4tigung<\/h3><\/div><div class=\"fusion-clearfix\"><\/div><\/div><\/div><\/div><\/div><div class=\"fusion-fullwidth fullwidth-box fusion-builder-row-3 nonhundred-percent-fullwidth non-hundred-percent-height-scrolling\" style=\"--awb-border-radius-top-left:0px;--awb-border-radius-top-right:0px;--awb-border-radius-bottom-right:0px;--awb-border-radius-bottom-left:0px;--awb-margin-top:100px;--awb-flex-wrap:wrap;\" ><div class=\"fusion-builder-row fusion-row\"><div class=\"fusion-layout-column fusion_builder_column fusion-builder-column-5 fusion_builder_column_1_1 1_1 fusion-one-full fusion-column-first fusion-column-last mobile_border\" style=\"--awb-bg-size:cover;\"><div class=\"fusion-column-wrapper fusion-column-has-shadow fusion-flex-column-wrapper-legacy\"><div class=\"fusion-title title fusion-title-6 fusion-sep-none fusion-title-text fusion-title-size-two\" style=\"--awb-margin-top-small:0px;--awb-margin-right-small:0px;--awb-margin-bottom-small:0px;--awb-margin-left-small:0px;\"><h2 class=\"fusion-title-heading title-heading-left\" style=\"margin:0;\">\u00dcber 750 to und \u00fcber 3500 m3 umbauter Raum<\/h2><\/div><div class=\"fusion-text fusion-text-2\"><div class=\"\">\n<div class=\"WordSection1\">\n<div class=\"\">F\u00fcr Abnahmemengen \u00fcber 750t und \u00fcber 3500m\u00b3 ben\u00f6tigen Sie <b class=\"\">eine umfassende St\u00f6r- und Schadstofferkundung mittels Gutachten von einem Fachlabor\/Fachperson.<\/b><\/div>\n<\/div>\n<\/div>\n<\/div><div class=\"fusion-clearfix\"><\/div><\/div><\/div><\/div><\/div><\/p>\n","protected":false},"excerpt":{"rendered":"","protected":false},"author":1,"featured_media":0,"parent":0,"menu_order":0,"comment_status":"closed","ping_status":"closed","template":"100-width.php","meta":{"footnotes":""},"class_list":["post-1095","page","type-page","status-publish","hentry"],"yoast_head":"<!-- This site is optimized with the Yoast SEO plugin v27.3 - https:\/\/yoast.com\/product\/yoast-seo-wordpress\/ -->\n<title>Abnahmemengen \u00fcber 750t - LB Recycling GmbH<\/title>\n<meta name=\"robots\" content=\"index, follow, max-snippet:-1, max-image-preview:large, max-video-preview:-1\" \/>\n<link rel=\"canonical\" href=\"https:\/\/lasselsberger.at\/lbrecycling\/baurestmassen-recycling-abnahme750t\/\" \/>\n<meta property=\"og:locale\" content=\"de_DE\" \/>\n<meta property=\"og:type\" content=\"article\" \/>\n<meta property=\"og:title\" content=\"Abnahmemengen \u00fcber 750t - LB Recycling GmbH\" \/>\n<meta property=\"og:url\" content=\"https:\/\/lasselsberger.at\/lbrecycling\/baurestmassen-recycling-abnahme750t\/\" \/>\n<meta property=\"og:site_name\" content=\"LB Recycling GmbH\" \/>\n<meta property=\"article:modified_time\" content=\"2019-11-13T22:25:42+00:00\" \/>\n<meta name=\"twitter:card\" content=\"summary_large_image\" \/>\n<meta name=\"twitter:label1\" content=\"Gesch\u00e4tzte Lesezeit\" \/>\n\t<meta name=\"twitter:data1\" content=\"9 Minuten\" \/>\n<script type=\"application\/ld+json\" class=\"yoast-schema-graph\">{\"@context\":\"https:\\\/\\\/schema.org\",\"@graph\":[{\"@type\":\"WebPage\",\"@id\":\"https:\\\/\\\/lasselsberger.at\\\/lbrecycling\\\/baurestmassen-recycling-abnahme750t\\\/\",\"url\":\"https:\\\/\\\/lasselsberger.at\\\/lbrecycling\\\/baurestmassen-recycling-abnahme750t\\\/\",\"name\":\"Abnahmemengen \u00fcber 750t - LB Recycling GmbH\",\"isPartOf\":{\"@id\":\"https:\\\/\\\/lasselsberger.at\\\/lbrecycling\\\/#website\"},\"datePublished\":\"2019-05-23T22:04:25+00:00\",\"dateModified\":\"2019-11-13T22:25:42+00:00\",\"breadcrumb\":{\"@id\":\"https:\\\/\\\/lasselsberger.at\\\/lbrecycling\\\/baurestmassen-recycling-abnahme750t\\\/#breadcrumb\"},\"inLanguage\":\"de-AT\",\"potentialAction\":[{\"@type\":\"ReadAction\",\"target\":[\"https:\\\/\\\/lasselsberger.at\\\/lbrecycling\\\/baurestmassen-recycling-abnahme750t\\\/\"]}]},{\"@type\":\"BreadcrumbList\",\"@id\":\"https:\\\/\\\/lasselsberger.at\\\/lbrecycling\\\/baurestmassen-recycling-abnahme750t\\\/#breadcrumb\",\"itemListElement\":[{\"@type\":\"ListItem\",\"position\":1,\"name\":\"Home\",\"item\":\"https:\\\/\\\/lasselsberger.at\\\/lbrecycling\\\/\"},{\"@type\":\"ListItem\",\"position\":2,\"name\":\"Abnahmemengen \u00fcber 750t\"}]},{\"@type\":\"WebSite\",\"@id\":\"https:\\\/\\\/lasselsberger.at\\\/lbrecycling\\\/#website\",\"url\":\"https:\\\/\\\/lasselsberger.at\\\/lbrecycling\\\/\",\"name\":\"LB Recycling GmbH\",\"description\":\"Baurestmassen Recycling von Lasselsberger\",\"potentialAction\":[{\"@type\":\"SearchAction\",\"target\":{\"@type\":\"EntryPoint\",\"urlTemplate\":\"https:\\\/\\\/lasselsberger.at\\\/lbrecycling\\\/?s={search_term_string}\"},\"query-input\":{\"@type\":\"PropertyValueSpecification\",\"valueRequired\":true,\"valueName\":\"search_term_string\"}}],\"inLanguage\":\"de-AT\"}]}<\/script>\n<!-- \/ Yoast SEO plugin. -->","yoast_head_json":{"title":"Abnahmemengen \u00fcber 750t - LB Recycling GmbH","robots":{"index":"index","follow":"follow","max-snippet":"max-snippet:-1","max-image-preview":"max-image-preview:large","max-video-preview":"max-video-preview:-1"},"canonical":"https:\/\/lasselsberger.at\/lbrecycling\/baurestmassen-recycling-abnahme750t\/","og_locale":"de_DE","og_type":"article","og_title":"Abnahmemengen \u00fcber 750t - LB Recycling GmbH","og_url":"https:\/\/lasselsberger.at\/lbrecycling\/baurestmassen-recycling-abnahme750t\/","og_site_name":"LB Recycling GmbH","article_modified_time":"2019-11-13T22:25:42+00:00","twitter_card":"summary_large_image","twitter_misc":{"Gesch\u00e4tzte Lesezeit":"9 Minuten"},"schema":{"@context":"https:\/\/schema.org","@graph":[{"@type":"WebPage","@id":"https:\/\/lasselsberger.at\/lbrecycling\/baurestmassen-recycling-abnahme750t\/","url":"https:\/\/lasselsberger.at\/lbrecycling\/baurestmassen-recycling-abnahme750t\/","name":"Abnahmemengen \u00fcber 750t - LB Recycling GmbH","isPartOf":{"@id":"https:\/\/lasselsberger.at\/lbrecycling\/#website"},"datePublished":"2019-05-23T22:04:25+00:00","dateModified":"2019-11-13T22:25:42+00:00","breadcrumb":{"@id":"https:\/\/lasselsberger.at\/lbrecycling\/baurestmassen-recycling-abnahme750t\/#breadcrumb"},"inLanguage":"de-AT","potentialAction":[{"@type":"ReadAction","target":["https:\/\/lasselsberger.at\/lbrecycling\/baurestmassen-recycling-abnahme750t\/"]}]},{"@type":"BreadcrumbList","@id":"https:\/\/lasselsberger.at\/lbrecycling\/baurestmassen-recycling-abnahme750t\/#breadcrumb","itemListElement":[{"@type":"ListItem","position":1,"name":"Home","item":"https:\/\/lasselsberger.at\/lbrecycling\/"},{"@type":"ListItem","position":2,"name":"Abnahmemengen \u00fcber 750t"}]},{"@type":"WebSite","@id":"https:\/\/lasselsberger.at\/lbrecycling\/#website","url":"https:\/\/lasselsberger.at\/lbrecycling\/","name":"LB Recycling GmbH","description":"Baurestmassen Recycling von Lasselsberger","potentialAction":[{"@type":"SearchAction","target":{"@type":"EntryPoint","urlTemplate":"https:\/\/lasselsberger.at\/lbrecycling\/?s={search_term_string}"},"query-input":{"@type":"PropertyValueSpecification","valueRequired":true,"valueName":"search_term_string"}}],"inLanguage":"de-AT"}]}},"_links":{"self":[{"href":"https:\/\/lasselsberger.at\/lbrecycling\/wp-json\/wp\/v2\/pages\/1095","targetHints":{"allow":["GET"]}}],"collection":[{"href":"https:\/\/lasselsberger.at\/lbrecycling\/wp-json\/wp\/v2\/pages"}],"about":[{"href":"https:\/\/lasselsberger.at\/lbrecycling\/wp-json\/wp\/v2\/types\/page"}],"author":[{"embeddable":true,"href":"https:\/\/lasselsberger.at\/lbrecycling\/wp-json\/wp\/v2\/users\/1"}],"replies":[{"embeddable":true,"href":"https:\/\/lasselsberger.at\/lbrecycling\/wp-json\/wp\/v2\/comments?post=1095"}],"version-history":[{"count":5,"href":"https:\/\/lasselsberger.at\/lbrecycling\/wp-json\/wp\/v2\/pages\/1095\/revisions"}],"predecessor-version":[{"id":1468,"href":"https:\/\/lasselsberger.at\/lbrecycling\/wp-json\/wp\/v2\/pages\/1095\/revisions\/1468"}],"wp:attachment":[{"href":"https:\/\/lasselsberger.at\/lbrecycling\/wp-json\/wp\/v2\/media?parent=1095"}],"curies":[{"name":"wp","href":"https:\/\/api.w.org\/{rel}","templated":true}]}}